{"id":797,"date":"2019-03-04T10:33:29","date_gmt":"2019-03-04T09:33:29","guid":{"rendered":"https:\/\/www.lauracandelapodologia.com\/?page_id=797"},"modified":"2025-01-30T10:00:09","modified_gmt":"2025-01-30T09:00:09","slug":"aviso-legal","status":"publish","type":"page","link":"https:\/\/www.lauracandelapodologia.com\/ca\/aviso-legal\/","title":{"rendered":"Aviso Legal"},"content":{"rendered":"\t\t<div data-elementor-type=\"wp-post\" data-elementor-id=\"797\" class=\"elementor elementor-797\" data-elementor-post-type=\"page\">\n\t\t\t\t\t\t<section class=\"elementor-section elementor-top-section elementor-element elementor-element-eb33f1f elementor-section-full_width elementor-section-height-min-height cabeceraPaginas elementor-section-height-default elementor-section-items-middle\" data-id=\"eb33f1f\" data-element_type=\"section\" data-settings=\"{&quot;background_background&quot;:&quot;classic&quot;}\">\n\t\t\t\t\t\t<div class=\"elementor-container elementor-column-gap-default\">\n\t\t\t\t\t<div class=\"elementor-column elementor-col-100 elementor-top-column elementor-element elementor-element-211cac7\" data-id=\"211cac7\" data-element_type=\"column\">\n\t\t\t<div class=\"elementor-widget-wrap elementor-element-populated\">\n\t\t\t\t\t\t<section class=\"elementor-section elementor-inner-section elementor-element elementor-element-5e750b2 elementor-section-height-min-height elementor-section-content-bottom elementor-section-boxed elementor-section-height-default\" data-id=\"5e750b2\" data-element_type=\"section\">\n\t\t\t\t\t\t<div class=\"elementor-container elementor-column-gap-default\">\n\t\t\t\t\t<div class=\"elementor-column elementor-col-33 elementor-inner-column elementor-element elementor-element-136204d seccionesHome\" data-id=\"136204d\" data-element_type=\"column\" data-settings=\"{&quot;background_background&quot;:&quot;classic&quot;}\">\n\t\t\t<div class=\"elementor-widget-wrap elementor-element-populated\">\n\t\t\t\t\t\t<div class=\"elementor-element elementor-element-8a95598 elementor-widget elementor-widget-heading\" data-id=\"8a95598\" data-element_type=\"widget\" data-widget_type=\"heading.default\">\n\t\t\t\t<div class=\"elementor-widget-container\">\n\t\t\t\t\t<h1 class=\"elementor-heading-title elementor-size-default\">Aviso Legal<\/h1>\t\t\t\t<\/div>\n\t\t\t\t<\/div>\n\t\t\t\t\t<\/div>\n\t\t<\/div>\n\t\t\t\t<div class=\"elementor-column elementor-col-33 elementor-inner-column elementor-element elementor-element-686e35e\" data-id=\"686e35e\" data-element_type=\"column\">\n\t\t\t<div class=\"elementor-widget-wrap\">\n\t\t\t\t\t\t\t<\/div>\n\t\t<\/div>\n\t\t\t\t<div class=\"elementor-column elementor-col-33 elementor-inner-column elementor-element elementor-element-039e0dc\" data-id=\"039e0dc\" data-element_type=\"column\">\n\t\t\t<div class=\"elementor-widget-wrap\">\n\t\t\t\t\t\t\t<\/div>\n\t\t<\/div>\n\t\t\t\t\t<\/div>\n\t\t<\/section>\n\t\t\t\t<div class=\"elementor-element elementor-element-2a420e8 elementor-align-center elementor-fixed elementor-hidden-desktop elementor-hidden-tablet elementor-widget elementor-widget-global elementor-global-653 elementor-widget-button\" data-id=\"2a420e8\" data-element_type=\"widget\" id=\"botonTelefonoMovil\" data-settings=\"{&quot;_position&quot;:&quot;fixed&quot;}\" data-widget_type=\"button.default\">\n\t\t\t\t<div class=\"elementor-widget-container\">\n\t\t\t\t\t\t\t\t\t<div class=\"elementor-button-wrapper\">\n\t\t\t\t\t<a class=\"elementor-button elementor-button-link elementor-size-md\" href=\"tel:966335086\" target=\"_blank\" rel=\"nofollow\">\n\t\t\t\t\t\t<span class=\"elementor-button-content-wrapper\">\n\t\t\t\t\t\t<span class=\"elementor-button-icon\">\n\t\t\t\t<i aria-hidden=\"true\" class=\"fas fa-phone-volume\"><\/i>\t\t\t<\/span>\n\t\t\t\t\t\t\t\t\t<span class=\"elementor-button-text\">Llamar<\/span>\n\t\t\t\t\t<\/span>\n\t\t\t\t\t<\/a>\n\t\t\t\t<\/div>\n\t\t\t\t\t\t\t\t<\/div>\n\t\t\t\t<\/div>\n\t\t\t\t<div class=\"elementor-element elementor-element-7c546ca elementor-align-right elementor-fixed elementor-hidden-mobile elementor-widget elementor-widget-global elementor-global-213 elementor-widget-button\" data-id=\"7c546ca\" data-element_type=\"widget\" id=\"botonTelefono\" data-settings=\"{&quot;_position&quot;:&quot;fixed&quot;}\" data-widget_type=\"button.default\">\n\t\t\t\t<div class=\"elementor-widget-container\">\n\t\t\t\t\t\t\t\t\t<div class=\"elementor-button-wrapper\">\n\t\t\t\t\t<a class=\"elementor-button elementor-button-link elementor-size-sm\" href=\"tel:696626138%20\" target=\"_blank\" rel=\"nofollow\">\n\t\t\t\t\t\t<span class=\"elementor-button-content-wrapper\">\n\t\t\t\t\t\t<span class=\"elementor-button-icon\">\n\t\t\t\t<i aria-hidden=\"true\" class=\"fas fa-phone-volume\"><\/i>\t\t\t<\/span>\n\t\t\t\t\t\t\t\t\t<span class=\"elementor-button-text\">696 62 61 38 <\/span>\n\t\t\t\t\t<\/span>\n\t\t\t\t\t<\/a>\n\t\t\t\t<\/div>\n\t\t\t\t\t\t\t\t<\/div>\n\t\t\t\t<\/div>\n\t\t\t\t\t<\/div>\n\t\t<\/div>\n\t\t\t\t\t<\/div>\n\t\t<\/section>\n\t\t\t\t<section class=\"elementor-section elementor-top-section elementor-element elementor-element-ca69b0d elementor-section-boxed elementor-section-height-default elementor-section-height-default\" data-id=\"ca69b0d\" data-element_type=\"section\">\n\t\t\t\t\t\t<div class=\"elementor-container elementor-column-gap-default\">\n\t\t\t\t\t<div class=\"elementor-column elementor-col-100 elementor-top-column elementor-element elementor-element-2bb277e\" data-id=\"2bb277e\" data-element_type=\"column\">\n\t\t\t<div class=\"elementor-widget-wrap elementor-element-populated\">\n\t\t\t\t\t\t<div class=\"elementor-element elementor-element-9d6eeef elementor-widget elementor-widget-text-editor\" data-id=\"9d6eeef\" data-element_type=\"widget\" data-widget_type=\"text-editor.default\">\n\t\t\t\t<div class=\"elementor-widget-container\">\n\t\t\t\t\t\t\t\t\t<p>La responsable de esta p\u00e1gina web es: LAURA CANDELA DOMINGUEZ, con C.I.F. 21692158F y domicilio social en Carrer Sabadell, 6, Bajo, 03804 Alcoi, Alicante.<\/p>\n<p>Tambi\u00e9n puedes contactar con nosotros a trav\u00e9s del n\u00famero de tel\u00e9fono N\u00ba&nbsp;696 62 61 38<span style=\"font-family: var( --e-global-typography-text-font-family ), Sans-serif; font-weight: var( --e-global-typography-text-font-weight ); font-size: 1rem;\">&nbsp;(tel\u00e9fono) o a trav\u00e9s de la siguiente direcci\u00f3n de e-mail: <\/span><span style=\"font-family: var( --e-global-typography-text-font-family ), Sans-serif; font-weight: var( --e-global-typography-text-font-weight ); font-size: 1rem;\">info@lauracandelapodologia.com<\/span><span style=\"font-family: var( --e-global-typography-text-font-family ), Sans-serif; font-weight: var( --e-global-typography-text-font-weight ); font-size: 1rem;\"> (e-mail o enlace a formulario de contacto).<\/span><\/p>\n<h3>Propiedad Intelectual e Industrial<\/h3>\n<p>El dise\u00f1o de este sitio web y sus c\u00f3digos fuente, as\u00ed como los logos, marcas y dem\u00e1s signos distintivos que aparecen en el mismo pertenecen a LAURA CANDELA DOMINGUEZ y est\u00e1n protegidos por los correspondientes derechos de propiedad intelectual e industrial.<\/p>\n<h3>Responsabilidad de los contenidos<\/h3>\n<p>LAURA CANDELA DOMINGUEZ no se hace responsable de la legalidad de otros sitios web de terceros desde los que pueda accederse a esta web. LAURA CANDELA DOMINGUEZ tampoco responde por la legalidad de otros sitios web de terceros, que pudieran estar vinculados o enlazados desde esta web.<br><span style=\"font-family: var( --e-global-typography-text-font-family ), Sans-serif; font-weight: var( --e-global-typography-text-font-weight ); font-size: 1rem;\"><br>LAURA CANDELA DOMINGUEZ se reserva el derecho a realizar cambios en el sitio web sin <\/span><span style=\"font-family: var( --e-global-typography-text-font-family ), Sans-serif; font-weight: var( --e-global-typography-text-font-weight ); font-size: 1rem;\">previo aviso, al objeto de mantener actualizada su informaci\u00f3n, a\u00f1adiendo, modificando, <\/span><span style=\"font-family: var( --e-global-typography-text-font-family ), Sans-serif; font-weight: var( --e-global-typography-text-font-weight ); font-size: 1rem;\">corrigiendo o eliminando los contenidos publicados o el dise\u00f1o del portal.<\/span><\/p>\n<p><span style=\"font-family: var( --e-global-typography-text-font-family ), Sans-serif; font-weight: var( --e-global-typography-text-font-weight ); font-size: 1rem;\">LAURA CANDELA DOMINGUEZ no ser\u00e1 responsable del uso que terceros hagan de la <\/span><span style=\"font-family: var( --e-global-typography-text-font-family ), Sans-serif; font-weight: var( --e-global-typography-text-font-weight ); font-size: 1rem;\">informaci\u00f3n publicada en el portal, ni tampoco de los da\u00f1os sufridos o p\u00e9rdidas econ\u00f3micas que, <\/span><span style=\"font-family: var( --e-global-typography-text-font-family ), Sans-serif; font-weight: var( --e-global-typography-text-font-weight ); font-size: 1rem;\">de forma directa o indirecta, produzcan o puedan producir perjuicios econ\u00f3micos, materiales o <\/span><span style=\"font-family: var( --e-global-typography-text-font-family ), Sans-serif; font-weight: var( --e-global-typography-text-font-weight ); font-size: 1rem;\">sobre datos, provocados por el uso de dicha informaci\u00f3n.<\/span><\/p>\n<h3>Reproducci\u00f3n de contenidos<\/h3>\n<p>Se proh\u00edbe la reproducci\u00f3n total o parcial de los contenidos publicados en esta web sin la autorizaci\u00f3n previa y por escrito de LAURA CANDELA DOMINGUEZ.<br><span style=\"font-family: var( --e-global-typography-text-font-family ), Sans-serif; font-weight: var( --e-global-typography-text-font-weight ); font-size: 1rem;\"><br>Toda la informaci\u00f3n relativa a privacidad, la tienes en nuestra Pol\u00edtica de Privacidad<\/span><span style=\"font-weight: var( --e-global-typography-text-font-weight ); font-size: 14.6667px; white-space-collapse: preserve;\"><font color=\"#000000\" face=\"Arial, sans-serif\">.<\/font><\/span><\/p><div><span style=\"background-color: transparent; color: rgb(0, 0, 0); font-family: Arial, sans-serif; font-size: 11pt; white-space-collapse: preserve; font-weight: var( --e-global-typography-text-font-weight );\"><br><\/span><\/div>\t\t\t\t\t\t\t\t<\/div>\n\t\t\t\t<\/div>\n\t\t\t\t\t<\/div>\n\t\t<\/div>\n\t\t\t\t\t<\/div>\n\t\t<\/section>\n\t\t\t\t<\/div>\n\t\t","protected":false},"excerpt":{"rendered":"<p>Aviso Legal Llamar 696 62 61 38 La responsable de esta p\u00e1gina web es: LAURA CANDELA DOMINGUEZ, con C.I.F. 21692158F y domicilio social en Carrer Sabadell, 6, Bajo, 03804 Alcoi, Alicante. Tambi\u00e9n puedes contactar con nosotros a trav\u00e9s del n\u00famero de tel\u00e9fono N\u00ba&nbsp;696 62 61 38&nbsp;(tel\u00e9fono) o a trav\u00e9s de la siguiente direcci\u00f3n de e-mail: &hellip; <\/p>\n<p class=\"link-more\"><a href=\"https:\/\/www.lauracandelapodologia.com\/ca\/aviso-legal\/\" class=\"more-link\">Continua llegint <span class=\"screen-reader-text\">\u00abAviso Legal\u00bb<\/span><\/a><\/p>\n","protected":false},"author":1,"featured_media":0,"parent":0,"menu_order":0,"comment_status":"closed","ping_status":"closed","template":"elementor_header_footer","meta":{"footnotes":""},"class_list":["post-797","page","type-page","status-publish","hentry"],"yoast_head":"<!-- This site is optimized with the Yoast SEO plugin v24.1 - https:\/\/yoast.com\/wordpress\/plugins\/seo\/ -->\n<title>Aviso Legal | Laura Candela<\/title>\n<meta name=\"robots\" content=\"noindex, follow\" \/>\n<meta property=\"og:locale\" content=\"ca_ES\" \/>\n<meta property=\"og:type\" content=\"article\" \/>\n<meta property=\"og:title\" content=\"Aviso Legal | Laura Candela\" \/>\n<meta property=\"og:description\" content=\"Aviso Legal Llamar 696 62 61 38 La responsable de esta p\u00e1gina web es: LAURA CANDELA DOMINGUEZ, con C.I.F. 21692158F y domicilio social en Carrer Sabadell, 6, Bajo, 03804 Alcoi, Alicante. Tambi\u00e9n puedes contactar con nosotros a trav\u00e9s del n\u00famero de tel\u00e9fono N\u00ba&nbsp;696 62 61 38&nbsp;(tel\u00e9fono) o a trav\u00e9s de la siguiente direcci\u00f3n de e-mail: &hellip; Continua llegint \u00abAviso Legal\u00bb\" \/>\n<meta property=\"og:url\" content=\"https:\/\/www.lauracandelapodologia.com\/aviso-legal\/\" \/>\n<meta property=\"og:site_name\" content=\"Laura Candela\" \/>\n<meta property=\"article:modified_time\" content=\"2025-01-30T09:00:09+00:00\" \/>\n<meta name=\"twitter:card\" content=\"summary_large_image\" \/>\n<meta name=\"twitter:label1\" content=\"Temps estimat de lectura\" \/>\n\t<meta name=\"twitter:data1\" content=\"2 minuts\" \/>\n<script type=\"application\/ld+json\" class=\"yoast-schema-graph\">{\"@context\":\"https:\/\/schema.org\",\"@graph\":[{\"@type\":\"WebPage\",\"@id\":\"https:\/\/www.lauracandelapodologia.com\/aviso-legal\/\",\"url\":\"https:\/\/www.lauracandelapodologia.com\/aviso-legal\/\",\"name\":\"Aviso Legal | Laura Candela\",\"isPartOf\":{\"@id\":\"https:\/\/www.lauracandelapodologia.com\/#website\"},\"datePublished\":\"2019-03-04T09:33:29+00:00\",\"dateModified\":\"2025-01-30T09:00:09+00:00\",\"breadcrumb\":{\"@id\":\"https:\/\/www.lauracandelapodologia.com\/aviso-legal\/#breadcrumb\"},\"inLanguage\":\"ca\",\"potentialAction\":[{\"@type\":\"ReadAction\",\"target\":[\"https:\/\/www.lauracandelapodologia.com\/aviso-legal\/\"]}]},{\"@type\":\"BreadcrumbList\",\"@id\":\"https:\/\/www.lauracandelapodologia.com\/aviso-legal\/#breadcrumb\",\"itemListElement\":[{\"@type\":\"ListItem\",\"position\":1,\"name\":\"Home\",\"item\":\"https:\/\/www.lauracandelapodologia.com\/ca\/\"},{\"@type\":\"ListItem\",\"position\":2,\"name\":\"Aviso Legal\"}]},{\"@type\":\"WebSite\",\"@id\":\"https:\/\/www.lauracandelapodologia.com\/#website\",\"url\":\"https:\/\/www.lauracandelapodologia.com\/\",\"name\":\"Laura Candela\",\"description\":\"Podolog\u00eda general i pedi\u00e1trica\",\"potentialAction\":[{\"@type\":\"SearchAction\",\"target\":{\"@type\":\"EntryPoint\",\"urlTemplate\":\"https:\/\/www.lauracandelapodologia.com\/?s={search_term_string}\"},\"query-input\":{\"@type\":\"PropertyValueSpecification\",\"valueRequired\":true,\"valueName\":\"search_term_string\"}}],\"inLanguage\":\"ca\"}]}<\/script>\n<!-- \/ Yoast SEO plugin. -->","yoast_head_json":{"title":"Aviso Legal | Laura Candela","robots":{"index":"noindex","follow":"follow"},"og_locale":"ca_ES","og_type":"article","og_title":"Aviso Legal | Laura Candela","og_description":"Aviso Legal Llamar 696 62 61 38 La responsable de esta p\u00e1gina web es: LAURA CANDELA DOMINGUEZ, con C.I.F. 21692158F y domicilio social en Carrer Sabadell, 6, Bajo, 03804 Alcoi, Alicante. Tambi\u00e9n puedes contactar con nosotros a trav\u00e9s del n\u00famero de tel\u00e9fono N\u00ba&nbsp;696 62 61 38&nbsp;(tel\u00e9fono) o a trav\u00e9s de la siguiente direcci\u00f3n de e-mail: &hellip; Continua llegint \u00abAviso Legal\u00bb","og_url":"https:\/\/www.lauracandelapodologia.com\/aviso-legal\/","og_site_name":"Laura Candela","article_modified_time":"2025-01-30T09:00:09+00:00","twitter_card":"summary_large_image","twitter_misc":{"Temps estimat de lectura":"2 minuts"},"schema":{"@context":"https:\/\/schema.org","@graph":[{"@type":"WebPage","@id":"https:\/\/www.lauracandelapodologia.com\/aviso-legal\/","url":"https:\/\/www.lauracandelapodologia.com\/aviso-legal\/","name":"Aviso Legal | Laura Candela","isPartOf":{"@id":"https:\/\/www.lauracandelapodologia.com\/#website"},"datePublished":"2019-03-04T09:33:29+00:00","dateModified":"2025-01-30T09:00:09+00:00","breadcrumb":{"@id":"https:\/\/www.lauracandelapodologia.com\/aviso-legal\/#breadcrumb"},"inLanguage":"ca","potentialAction":[{"@type":"ReadAction","target":["https:\/\/www.lauracandelapodologia.com\/aviso-legal\/"]}]},{"@type":"BreadcrumbList","@id":"https:\/\/www.lauracandelapodologia.com\/aviso-legal\/#breadcrumb","itemListElement":[{"@type":"ListItem","position":1,"name":"Home","item":"https:\/\/www.lauracandelapodologia.com\/ca\/"},{"@type":"ListItem","position":2,"name":"Aviso Legal"}]},{"@type":"WebSite","@id":"https:\/\/www.lauracandelapodologia.com\/#website","url":"https:\/\/www.lauracandelapodologia.com\/","name":"Laura Candela","description":"Podolog\u00eda general i pedi\u00e1trica","potentialAction":[{"@type":"SearchAction","target":{"@type":"EntryPoint","urlTemplate":"https:\/\/www.lauracandelapodologia.com\/?s={search_term_string}"},"query-input":{"@type":"PropertyValueSpecification","valueRequired":true,"valueName":"search_term_string"}}],"inLanguage":"ca"}]}},"_links":{"self":[{"href":"https:\/\/www.lauracandelapodologia.com\/ca\/wp-json\/wp\/v2\/pages\/797\/"}],"collection":[{"href":"https:\/\/www.lauracandelapodologia.com\/ca\/wp-json\/wp\/v2\/pages\/"}],"about":[{"href":"https:\/\/www.lauracandelapodologia.com\/ca\/wp-json\/wp\/v2\/types\/page\/"}],"author":[{"embeddable":true,"href":"https:\/\/www.lauracandelapodologia.com\/ca\/wp-json\/wp\/v2\/users\/1\/"}],"replies":[{"embeddable":true,"href":"https:\/\/www.lauracandelapodologia.com\/ca\/wp-json\/wp\/v2\/comments\/?post=797"}],"version-history":[{"count":10,"href":"https:\/\/www.lauracandelapodologia.com\/ca\/wp-json\/wp\/v2\/pages\/797\/revisions\/"}],"predecessor-version":[{"id":1537,"href":"https:\/\/www.lauracandelapodologia.com\/ca\/wp-json\/wp\/v2\/pages\/797\/revisions\/1537\/"}],"wp:attachment":[{"href":"https:\/\/www.lauracandelapodologia.com\/ca\/wp-json\/wp\/v2\/media\/?parent=797"}],"curies":[{"name":"wp","href":"https:\/\/api.w.org\/{rel}","templated":true}]}}