{"id":813,"date":"2022-11-14T13:59:25","date_gmt":"2022-11-14T12:59:25","guid":{"rendered":"https:\/\/www.lauracandelapodologia.com\/?page_id=813"},"modified":"2025-02-05T08:13:56","modified_gmt":"2025-02-05T07:13:56","slug":"politica-de-cookies","status":"publish","type":"page","link":"https:\/\/www.lauracandelapodologia.com\/ca\/politica-de-cookies\/","title":{"rendered":"Pol\u00edtica de cookies"},"content":{"rendered":"\t\t<div data-elementor-type=\"wp-post\" data-elementor-id=\"813\" class=\"elementor elementor-813\" data-elementor-post-type=\"page\">\n\t\t\t\t\t\t<section class=\"elementor-section elementor-top-section elementor-element elementor-element-81045ab elementor-section-full_width elementor-section-height-min-height cabeceraPaginas elementor-section-height-default elementor-section-items-middle\" data-id=\"81045ab\" data-element_type=\"section\" data-settings=\"{&quot;background_background&quot;:&quot;classic&quot;}\">\n\t\t\t\t\t\t<div class=\"elementor-container elementor-column-gap-default\">\n\t\t\t\t\t<div class=\"elementor-column elementor-col-100 elementor-top-column elementor-element elementor-element-dec6872\" data-id=\"dec6872\" data-element_type=\"column\">\n\t\t\t<div class=\"elementor-widget-wrap elementor-element-populated\">\n\t\t\t\t\t\t<section class=\"elementor-section elementor-inner-section elementor-element elementor-element-ab1843e elementor-section-height-min-height elementor-section-content-bottom elementor-section-boxed elementor-section-height-default\" data-id=\"ab1843e\" data-element_type=\"section\">\n\t\t\t\t\t\t<div class=\"elementor-container elementor-column-gap-default\">\n\t\t\t\t\t<div class=\"elementor-column elementor-col-33 elementor-inner-column elementor-element elementor-element-9cd229d seccionesHome\" data-id=\"9cd229d\" data-element_type=\"column\" data-settings=\"{&quot;background_background&quot;:&quot;classic&quot;}\">\n\t\t\t<div class=\"elementor-widget-wrap elementor-element-populated\">\n\t\t\t\t\t\t<div class=\"elementor-element elementor-element-5b1c6cd elementor-widget elementor-widget-heading\" data-id=\"5b1c6cd\" data-element_type=\"widget\" data-widget_type=\"heading.default\">\n\t\t\t\t<div class=\"elementor-widget-container\">\n\t\t\t\t\t<h1 class=\"elementor-heading-title elementor-size-default\">Pol\u00edtica de Cookies<\/h1>\t\t\t\t<\/div>\n\t\t\t\t<\/div>\n\t\t\t\t\t<\/div>\n\t\t<\/div>\n\t\t\t\t<div class=\"elementor-column elementor-col-33 elementor-inner-column elementor-element elementor-element-43ebdf0\" data-id=\"43ebdf0\" data-element_type=\"column\">\n\t\t\t<div class=\"elementor-widget-wrap\">\n\t\t\t\t\t\t\t<\/div>\n\t\t<\/div>\n\t\t\t\t<div class=\"elementor-column elementor-col-33 elementor-inner-column elementor-element elementor-element-045d4e3\" data-id=\"045d4e3\" data-element_type=\"column\">\n\t\t\t<div class=\"elementor-widget-wrap\">\n\t\t\t\t\t\t\t<\/div>\n\t\t<\/div>\n\t\t\t\t\t<\/div>\n\t\t<\/section>\n\t\t\t\t<div class=\"elementor-element elementor-element-8353a98 elementor-align-center elementor-fixed elementor-hidden-desktop elementor-hidden-tablet elementor-widget elementor-widget-global elementor-global-653 elementor-widget-button\" data-id=\"8353a98\" data-element_type=\"widget\" id=\"botonTelefonoMovil\" data-settings=\"{&quot;_position&quot;:&quot;fixed&quot;}\" data-widget_type=\"button.default\">\n\t\t\t\t<div class=\"elementor-widget-container\">\n\t\t\t\t\t\t\t\t\t<div class=\"elementor-button-wrapper\">\n\t\t\t\t\t<a class=\"elementor-button elementor-button-link elementor-size-md\" href=\"tel:966335086\" target=\"_blank\" rel=\"nofollow\">\n\t\t\t\t\t\t<span class=\"elementor-button-content-wrapper\">\n\t\t\t\t\t\t<span class=\"elementor-button-icon\">\n\t\t\t\t<i aria-hidden=\"true\" class=\"fas fa-phone-volume\"><\/i>\t\t\t<\/span>\n\t\t\t\t\t\t\t\t\t<span class=\"elementor-button-text\">Llamar<\/span>\n\t\t\t\t\t<\/span>\n\t\t\t\t\t<\/a>\n\t\t\t\t<\/div>\n\t\t\t\t\t\t\t\t<\/div>\n\t\t\t\t<\/div>\n\t\t\t\t<div class=\"elementor-element elementor-element-87bebe0 elementor-align-right elementor-fixed elementor-hidden-mobile elementor-widget elementor-widget-global elementor-global-213 elementor-widget-button\" data-id=\"87bebe0\" data-element_type=\"widget\" id=\"botonTelefono\" data-settings=\"{&quot;_position&quot;:&quot;fixed&quot;}\" data-widget_type=\"button.default\">\n\t\t\t\t<div class=\"elementor-widget-container\">\n\t\t\t\t\t\t\t\t\t<div class=\"elementor-button-wrapper\">\n\t\t\t\t\t<a class=\"elementor-button elementor-button-link elementor-size-sm\" href=\"tel:696626138%20\" target=\"_blank\" rel=\"nofollow\">\n\t\t\t\t\t\t<span class=\"elementor-button-content-wrapper\">\n\t\t\t\t\t\t<span class=\"elementor-button-icon\">\n\t\t\t\t<i aria-hidden=\"true\" class=\"fas fa-phone-volume\"><\/i>\t\t\t<\/span>\n\t\t\t\t\t\t\t\t\t<span class=\"elementor-button-text\">696 62 61 38 <\/span>\n\t\t\t\t\t<\/span>\n\t\t\t\t\t<\/a>\n\t\t\t\t<\/div>\n\t\t\t\t\t\t\t\t<\/div>\n\t\t\t\t<\/div>\n\t\t\t\t\t<\/div>\n\t\t<\/div>\n\t\t\t\t\t<\/div>\n\t\t<\/section>\n\t\t\t\t<section class=\"elementor-section elementor-top-section elementor-element elementor-element-7e5adec elementor-section-boxed elementor-section-height-default elementor-section-height-default\" data-id=\"7e5adec\" data-element_type=\"section\">\n\t\t\t\t\t\t<div class=\"elementor-container elementor-column-gap-default\">\n\t\t\t\t\t<div class=\"elementor-column elementor-col-100 elementor-top-column elementor-element elementor-element-1fe4522\" data-id=\"1fe4522\" data-element_type=\"column\">\n\t\t\t<div class=\"elementor-widget-wrap elementor-element-populated\">\n\t\t\t\t\t\t<div class=\"elementor-element elementor-element-9659dfe elementor-widget elementor-widget-text-editor\" data-id=\"9659dfe\" data-element_type=\"widget\" data-widget_type=\"text-editor.default\">\n\t\t\t\t<div class=\"elementor-widget-container\">\n\t\t\t\t\t\t\t\t\t<h3>INFORMACI\u00d3N DE COOKIES:<\/h3>\nLas cookies son archivos que se pueden descargar en su equipo a trav\u00e9s de las p\u00e1ginas web. Son herramientas que tienen un papel esencial para la prestaci\u00f3n de numerosos servicios de la sociedad de la informaci\u00f3n. Entre otros, permiten a una p\u00e1gina web almacenar y recuperar informaci\u00f3n sobre los h\u00e1bitos de navegaci\u00f3n de un usuario o de su equipo y, dependiendo de la informaci\u00f3n obtenida, se pueden utilizar para reconocer al usuario y mejorar el servicio ofrecido.\n<h3>TIPOS DE COOKIES:<\/h3>\nSeg\u00fan quien sea la entidad que gestione el dominio desde donde se env\u00edan las cookies y trate los datos que se obtengan se pueden distinguir dos tipos: cookies propias y cookies de terceros.\nExiste tambi\u00e9n una segunda clasificaci\u00f3n seg\u00fan el plazo de tiempo que permanecen almacenadas en el navegador del cliente, pudiendo tratarse de cookies de sesi\u00f3n o cookies persistentes.\nPor \u00faltimo, existe otra clasificaci\u00f3n con cinco tipos de cookies seg\u00fan la finalidad para la que se traten los datos obtenidos: cookies t\u00e9cnicas, cookies de personalizaci\u00f3n, cookies de an\u00e1lisis, cookies publicitarias y cookies de publicidad comportamental.\n<h3>COOKIES UTILIZADAS EN LA WEB:<\/h3>\nA continuaci\u00f3n se identifican las cookies que est\u00e1n siendo utilizadas en este portal as\u00ed como su tipolog\u00eda y funci\u00f3n:\n\n&nbsp;\n\n&nbsp;\n<table>\n<thead>\n<tr>\n<th scope=\"col\">TIPO DE COOKIE<\/th>\n<th scope=\"col\">FINALIDAD<\/th>\n<th scope=\"col\">DURACI\u00d3N<\/th>\n<th scope=\"col\">TERCEROS<\/th>\n<\/tr>\n<\/thead>\n<tbody>\n<tr>\n<td><strong>_ga<\/strong><\/td>\n<td>Recopila informaci\u00f3n an\u00f3nima sobre el uso del sitio web (n\u00famero de visitantes, p\u00e1ginas vistas, etc.).<\/td>\n<td>2 a\u00f1os<\/td>\n<td>S\u00ed (Google)<\/td>\n<\/tr>\n<tr>\n<td><strong>_ga_RFKEBW4FFB<\/strong><\/td>\n<td>Cookie utilizada para analizar y medir el tr\u00e1fico en la web.<\/td>\n<td>2 a\u00f1os<\/td>\n<td>Si (Google)<\/td>\n<\/tr>\n<tr>\n<td><strong>_gid<\/strong><\/td>\n<td>Distingue a los usuarios en Google Analytics.<\/td>\n<td>24 horas<\/td>\n<td>S\u00ed (Google)<\/td>\n<\/tr>\n<tr>\n<td><strong>moove_gdpr_popup<\/strong><\/td>\n<td>Guarda las preferencias de cookies seleccionadas por el usuario.<\/td>\n<td>1 a\u00f1o<\/td>\n<td>No<\/td>\n<\/tr>\n<\/tbody>\n<\/table>\nA trav\u00e9s de la anal\u00edtica web no se obtiene informaci\u00f3n sobre sus datos personales garantizando la tutela de la privacidad de las personas que navegan por la web. La informaci\u00f3n que se obtiene es la relativa al n\u00famero de usuarios que acceden a la web, el n\u00famero de p\u00e1ginas vistas, la frecuencia y repetici\u00f3n de las visitas, su duraci\u00f3n, el navegador utilizado, el operador que presta el servicio, el idioma, el terminal que utiliza, o la ciudad a la que est\u00e1 asignada su direcci\u00f3n IP. Informaci\u00f3n que posibilita un mejor y m\u00e1s apropiado servicio por parte de este portal.\n<h3>C\u00d3MO MODIFICAR LA CONFIGURACI\u00d3N DE LAS COOKIES:<\/h3>\nUsted puede restringir, bloquear o borrar las cookies de este sitio o cualquier otra p\u00e1gina web, utilizando su navegador. En cada navegador la operativa diferente, la funci\u00f3n de Ayuda le mostrar\u00e1 c\u00f3mo hacerlo.\n\n\u25cf Internet Explorer: http:\/\/windows.microsoft.com\/es-xl\/internet-explorer\/delete-manage-cookies#ie=&#8221;ie-10&#8243;\n\u25cf FireFox: https:\/\/support.mozilla.org\/es\/kb\/Borrar%20cookies\n\u25cf Chrome: https:\/\/support.google.com\/chrome\/answer\/95647?hl=&#8221;es&#8221;\t\t\t\t\t\t\t\t<\/div>\n\t\t\t\t<\/div>\n\t\t\t\t\t<\/div>\n\t\t<\/div>\n\t\t\t\t\t<\/div>\n\t\t<\/section>\n\t\t\t\t<\/div>\n\t\t","protected":false},"excerpt":{"rendered":"<p>Pol\u00edtica de Cookies Llamar 696 62 61 38 INFORMACI\u00d3N DE COOKIES: Las cookies son archivos que se pueden descargar en su equipo a trav\u00e9s de las p\u00e1ginas web. Son herramientas que tienen un papel esencial para la prestaci\u00f3n de numerosos servicios de la sociedad de la informaci\u00f3n. Entre otros, permiten a una p\u00e1gina web almacenar &hellip; <\/p>\n<p class=\"link-more\"><a href=\"https:\/\/www.lauracandelapodologia.com\/ca\/politica-de-cookies\/\" class=\"more-link\">Continua llegint <span class=\"screen-reader-text\">\u00abPol\u00edtica de cookies\u00bb<\/span><\/a><\/p>\n","protected":false},"author":1,"featured_media":0,"parent":0,"menu_order":0,"comment_status":"closed","ping_status":"closed","template":"elementor_header_footer","meta":{"footnotes":""},"class_list":["post-813","page","type-page","status-publish","hentry"],"yoast_head":"<!-- This site is optimized with the Yoast SEO plugin v24.1 - https:\/\/yoast.com\/wordpress\/plugins\/seo\/ -->\n<title>Pol\u00edtica de cookies | Laura Candela<\/title>\n<meta name=\"robots\" content=\"noindex, follow\" \/>\n<meta property=\"og:locale\" content=\"ca_ES\" \/>\n<meta property=\"og:type\" content=\"article\" \/>\n<meta property=\"og:title\" content=\"Pol\u00edtica de cookies | Laura Candela\" \/>\n<meta property=\"og:description\" content=\"Pol\u00edtica de Cookies Llamar 696 62 61 38 INFORMACI\u00d3N DE COOKIES: Las cookies son archivos que se pueden descargar en su equipo a trav\u00e9s de las p\u00e1ginas web. Son herramientas que tienen un papel esencial para la prestaci\u00f3n de numerosos servicios de la sociedad de la informaci\u00f3n. Entre otros, permiten a una p\u00e1gina web almacenar &hellip; Continua llegint \u00abPol\u00edtica de cookies\u00bb\" \/>\n<meta property=\"og:url\" content=\"https:\/\/www.lauracandelapodologia.com\/politica-de-cookies\/\" \/>\n<meta property=\"og:site_name\" content=\"Laura Candela\" \/>\n<meta property=\"article:modified_time\" content=\"2025-02-05T07:13:56+00:00\" \/>\n<meta name=\"twitter:card\" content=\"summary_large_image\" \/>\n<meta name=\"twitter:label1\" content=\"Temps estimat de lectura\" \/>\n\t<meta name=\"twitter:data1\" content=\"2 minuts\" \/>\n<script type=\"application\/ld+json\" class=\"yoast-schema-graph\">{\"@context\":\"https:\/\/schema.org\",\"@graph\":[{\"@type\":\"WebPage\",\"@id\":\"https:\/\/www.lauracandelapodologia.com\/politica-de-cookies\/\",\"url\":\"https:\/\/www.lauracandelapodologia.com\/politica-de-cookies\/\",\"name\":\"Pol\u00edtica de cookies | Laura Candela\",\"isPartOf\":{\"@id\":\"https:\/\/www.lauracandelapodologia.com\/#website\"},\"datePublished\":\"2022-11-14T12:59:25+00:00\",\"dateModified\":\"2025-02-05T07:13:56+00:00\",\"breadcrumb\":{\"@id\":\"https:\/\/www.lauracandelapodologia.com\/politica-de-cookies\/#breadcrumb\"},\"inLanguage\":\"ca\",\"potentialAction\":[{\"@type\":\"ReadAction\",\"target\":[\"https:\/\/www.lauracandelapodologia.com\/politica-de-cookies\/\"]}]},{\"@type\":\"BreadcrumbList\",\"@id\":\"https:\/\/www.lauracandelapodologia.com\/politica-de-cookies\/#breadcrumb\",\"itemListElement\":[{\"@type\":\"ListItem\",\"position\":1,\"name\":\"Home\",\"item\":\"https:\/\/www.lauracandelapodologia.com\/ca\/\"},{\"@type\":\"ListItem\",\"position\":2,\"name\":\"Pol\u00edtica de cookies\"}]},{\"@type\":\"WebSite\",\"@id\":\"https:\/\/www.lauracandelapodologia.com\/#website\",\"url\":\"https:\/\/www.lauracandelapodologia.com\/\",\"name\":\"Laura Candela\",\"description\":\"Podolog\u00eda general i pedi\u00e1trica\",\"potentialAction\":[{\"@type\":\"SearchAction\",\"target\":{\"@type\":\"EntryPoint\",\"urlTemplate\":\"https:\/\/www.lauracandelapodologia.com\/?s={search_term_string}\"},\"query-input\":{\"@type\":\"PropertyValueSpecification\",\"valueRequired\":true,\"valueName\":\"search_term_string\"}}],\"inLanguage\":\"ca\"}]}<\/script>\n<!-- \/ Yoast SEO plugin. -->","yoast_head_json":{"title":"Pol\u00edtica de cookies | Laura Candela","robots":{"index":"noindex","follow":"follow"},"og_locale":"ca_ES","og_type":"article","og_title":"Pol\u00edtica de cookies | Laura Candela","og_description":"Pol\u00edtica de Cookies Llamar 696 62 61 38 INFORMACI\u00d3N DE COOKIES: Las cookies son archivos que se pueden descargar en su equipo a trav\u00e9s de las p\u00e1ginas web. Son herramientas que tienen un papel esencial para la prestaci\u00f3n de numerosos servicios de la sociedad de la informaci\u00f3n. Entre otros, permiten a una p\u00e1gina web almacenar &hellip; Continua llegint \u00abPol\u00edtica de cookies\u00bb","og_url":"https:\/\/www.lauracandelapodologia.com\/politica-de-cookies\/","og_site_name":"Laura Candela","article_modified_time":"2025-02-05T07:13:56+00:00","twitter_card":"summary_large_image","twitter_misc":{"Temps estimat de lectura":"2 minuts"},"schema":{"@context":"https:\/\/schema.org","@graph":[{"@type":"WebPage","@id":"https:\/\/www.lauracandelapodologia.com\/politica-de-cookies\/","url":"https:\/\/www.lauracandelapodologia.com\/politica-de-cookies\/","name":"Pol\u00edtica de cookies | Laura Candela","isPartOf":{"@id":"https:\/\/www.lauracandelapodologia.com\/#website"},"datePublished":"2022-11-14T12:59:25+00:00","dateModified":"2025-02-05T07:13:56+00:00","breadcrumb":{"@id":"https:\/\/www.lauracandelapodologia.com\/politica-de-cookies\/#breadcrumb"},"inLanguage":"ca","potentialAction":[{"@type":"ReadAction","target":["https:\/\/www.lauracandelapodologia.com\/politica-de-cookies\/"]}]},{"@type":"BreadcrumbList","@id":"https:\/\/www.lauracandelapodologia.com\/politica-de-cookies\/#breadcrumb","itemListElement":[{"@type":"ListItem","position":1,"name":"Home","item":"https:\/\/www.lauracandelapodologia.com\/ca\/"},{"@type":"ListItem","position":2,"name":"Pol\u00edtica de cookies"}]},{"@type":"WebSite","@id":"https:\/\/www.lauracandelapodologia.com\/#website","url":"https:\/\/www.lauracandelapodologia.com\/","name":"Laura Candela","description":"Podolog\u00eda general i pedi\u00e1trica","potentialAction":[{"@type":"SearchAction","target":{"@type":"EntryPoint","urlTemplate":"https:\/\/www.lauracandelapodologia.com\/?s={search_term_string}"},"query-input":{"@type":"PropertyValueSpecification","valueRequired":true,"valueName":"search_term_string"}}],"inLanguage":"ca"}]}},"_links":{"self":[{"href":"https:\/\/www.lauracandelapodologia.com\/ca\/wp-json\/wp\/v2\/pages\/813\/"}],"collection":[{"href":"https:\/\/www.lauracandelapodologia.com\/ca\/wp-json\/wp\/v2\/pages\/"}],"about":[{"href":"https:\/\/www.lauracandelapodologia.com\/ca\/wp-json\/wp\/v2\/types\/page\/"}],"author":[{"embeddable":true,"href":"https:\/\/www.lauracandelapodologia.com\/ca\/wp-json\/wp\/v2\/users\/1\/"}],"replies":[{"embeddable":true,"href":"https:\/\/www.lauracandelapodologia.com\/ca\/wp-json\/wp\/v2\/comments\/?post=813"}],"version-history":[{"count":8,"href":"https:\/\/www.lauracandelapodologia.com\/ca\/wp-json\/wp\/v2\/pages\/813\/revisions\/"}],"predecessor-version":[{"id":1692,"href":"https:\/\/www.lauracandelapodologia.com\/ca\/wp-json\/wp\/v2\/pages\/813\/revisions\/1692\/"}],"wp:attachment":[{"href":"https:\/\/www.lauracandelapodologia.com\/ca\/wp-json\/wp\/v2\/media\/?parent=813"}],"curies":[{"name":"wp","href":"https:\/\/api.w.org\/{rel}","templated":true}]}}